{"id":166,"date":"2016-09-19T18:18:04","date_gmt":"2016-09-19T18:18:04","guid":{"rendered":"http:\/\/xn--vom-mensch-fr-tiere-hbc.de\/?page_id=166"},"modified":"2022-11-13T11:35:21","modified_gmt":"2022-11-13T11:35:21","slug":"stickereien-fuer-jeden-anlass","status":"publish","type":"page","link":"https:\/\/vom-mensch-fuer-tiere.de\/?page_id=166","title":{"rendered":"Stickereien f\u00fcr jeden Anlass"},"content":{"rendered":"<p><span style=\"color: #0000ff;\"><br><img loading=\"lazy\" decoding=\"async\" class=\"aligncenter size-thumbnail wp-image-542\" src=\"http:\/\/xn--vom-mensch-fr-tiere-hbc.de\/wp-content\/uploads\/2019\/08\/collage-1551038589721-1-150x150.jpg\" alt=\"\" width=\"150\" height=\"150\">&nbsp; &nbsp; &nbsp; &nbsp; Herzlich willkommen auf meiner Seite<\/span><\/p>\n<p><span style=\"color: #ff0000;\">,,Stickerei f\u00fcr jeden Anlass.,,<\/span> Stickereien&nbsp; f\u00fcr <span style=\"color: #00ff00;\">Geburtstage<\/span>,Hochzeiten,<span style=\"color: #ff00ff;\">Taufe<\/span>,Ostern,<span style=\"color: #ff6600;\">Weihnachten<\/span> und anderen Anl\u00e4ssen<\/p>\n<p><span style=\"color: #000000;\">Neu im Sortiment sind bestickte&nbsp;<span style=\"color: #ff00ff;\">Grillsch\u00fcrtzen<\/span><\/span><\/p>\n<p>Nat\u00fcrlich besticke ich auch<span style=\"color: #0000ff;\"> LIEBEVOLL<\/span> Handt\u00fccher,T-Shirts und andere Textilien. Gestickt wird mit einer<\/p>\n<p>Stickmaschine Brother VR. Ich verwende hochwertiges Maschinenstickgarn von Madera , Garant f\u00fcr sehr gute<span style=\"color: #ff9900;\"> STICKERGEBNISSE<\/span><\/p>\n<p><!--more--><\/p>\n<p>Gerne besticke ich auch die von mi<span style=\"color: #ff00ff;\">r handgefertigten Decken<\/span> mit dem Namen Ihres Hundes oder Ihrer Katze<\/p>\n<p><\/p>\n<p style=\"text-align: right;\">Sollte ich Ihr Interesse geweckt haben? Ich freue mich auf Ihren Besuch&nbsp; Tel.05742 6247<\/p>\n<p class=\"hide-if-no-js\" style=\"text-align: right; padding-left: 30px;\"><a href=\"http:\/\/xn--vom-mensch-fr-tiere-hbc.de\/wp-content\/uploads\/2016\/09\/IMG_1145.jpg\"><img loading=\"lazy\" decoding=\"async\" class=\"wp-image-238 size-thumbnail alignleft\" src=\"http:\/\/xn--vom-mensch-fr-tiere-hbc.de\/wp-content\/uploads\/2016\/09\/IMG_1145-150x150.jpg\" alt=\"IMG_1145\" width=\"150\" height=\"150\"><\/a><a href=\"http:\/\/xn--vom-mensch-fr-tiere-hbc.de\/wp-content\/uploads\/2016\/09\/IMG_1141.jpg\"><img loading=\"lazy\" decoding=\"async\" class=\"wp-image-239 size-thumbnail alignleft\" src=\"http:\/\/xn--vom-mensch-fr-tiere-hbc.de\/wp-content\/uploads\/2016\/09\/IMG_1141-150x150.jpg\" alt=\"\" width=\"150\" height=\"150\"><\/a><a href=\"http:\/\/xn--vom-mensch-fr-tiere-hbc.de\/wp-content\/uploads\/2016\/09\/IMG_20170724_130620.jpg\"><img loading=\"lazy\" decoding=\"async\" class=\"wp-image-326 size-thumbnail alignleft\" src=\"http:\/\/xn--vom-mensch-fr-tiere-hbc.de\/wp-content\/uploads\/2016\/09\/IMG_20170724_130620-150x150.jpg\" alt=\"IMG_20170724_130620\" width=\"150\" height=\"150\"><\/a><img loading=\"lazy\" decoding=\"async\" class=\"wp-image-323 size-thumbnail alignleft\" src=\"http:\/\/xn--vom-mensch-fr-tiere-hbc.de\/wp-content\/uploads\/2016\/09\/IMG_20170724_1243101-150x150.jpg\" alt=\"IMG_20170724_124310\" width=\"150\" height=\"150\"><span style=\"color: #0000ff;\"><a href=\"http:\/\/xn--vom-mensch-fr-tiere-hbc.de\/wp-content\/uploads\/2016\/09\/2017-04-20_19.11.26.jpg\"><img loading=\"lazy\" decoding=\"async\" class=\"alignleft wp-image-313 size-thumbnail\" src=\"http:\/\/xn--vom-mensch-fr-tiere-hbc.de\/wp-content\/uploads\/2016\/09\/2017-04-20_19.11.26-150x150.jpg\" alt=\"2017-04-20_19.11.26\" width=\"150\" height=\"150\"><\/a><\/span><span style=\"color: #0000ff;\"><a href=\"http:\/\/xn--vom-mensch-fr-tiere-hbc.de\/wp-content\/uploads\/2016\/09\/2017-04-22_21.09.43.jpg\"><img loading=\"lazy\" decoding=\"async\" class=\"wp-image-314 size-thumbnail alignleft\" src=\"http:\/\/xn--vom-mensch-fr-tiere-hbc.de\/wp-content\/uploads\/2016\/09\/2017-04-22_21.09.43-150x150.jpg\" alt=\"2017-04-22_21.09.43\" width=\"150\" height=\"150\"><\/a><\/span><span style=\"color: #0000ff;\"><a href=\"http:\/\/xn--vom-mensch-fr-tiere-hbc.de\/wp-content\/uploads\/2016\/09\/2017-05-01_19.50.39.jpg\"><img loading=\"lazy\" decoding=\"async\" class=\"wp-image-315 size-thumbnail alignleft\" src=\"http:\/\/xn--vom-mensch-fr-tiere-hbc.de\/wp-content\/uploads\/2016\/09\/2017-05-01_19.50.39-150x150.jpg\" alt=\"2017-05-01_19.50.39\" width=\"150\" height=\"150\"><\/a><\/span><span style=\"color: #0000ff;\"><a href=\"http:\/\/xn--vom-mensch-fr-tiere-hbc.de\/wp-content\/uploads\/2016\/09\/2017-05-31_23.00.01.jpg\"><img loading=\"lazy\" decoding=\"async\" class=\"wp-image-316 size-thumbnail alignleft\" src=\"http:\/\/xn--vom-mensch-fr-tiere-hbc.de\/wp-content\/uploads\/2016\/09\/2017-05-31_23.00.01-150x150.jpg\" alt=\"2017-05-31_23.00.01\" width=\"150\" height=\"150\"><\/a><\/span><span style=\"color: #0000ff;\"><a href=\"http:\/\/xn--vom-mensch-fr-tiere-hbc.de\/wp-content\/uploads\/2016\/09\/2017-06-25_20.55.22.jpg\"><img loading=\"lazy\" decoding=\"async\" class=\"wp-image-317 size-thumbnail alignleft\" src=\"http:\/\/xn--vom-mensch-fr-tiere-hbc.de\/wp-content\/uploads\/2016\/09\/2017-06-25_20.55.22-150x150.jpg\" alt=\"2017-06-25_20.55.22\" width=\"150\" height=\"150\"><\/a><\/span><img loading=\"lazy\" decoding=\"async\" class=\"wp-image-227 size-thumbnail alignleft\" src=\"http:\/\/xn--vom-mensch-fr-tiere-hbc.de\/wp-content\/uploads\/2016\/09\/2016-09-12_18-26-02-150x150.jpg\" alt=\"2016-09-12_18 26 02\" width=\"150\" height=\"150\"><a href=\"http:\/\/xn--vom-mensch-fr-tiere-hbc.de\/wp-content\/uploads\/2016\/09\/2016-10-14_20.57.27.jpg\"><img loading=\"lazy\" decoding=\"async\" class=\"wp-image-199 size-thumbnail alignleft\" src=\"http:\/\/xn--vom-mensch-fr-tiere-hbc.de\/wp-content\/uploads\/2016\/09\/2016-10-14_20.57.27-150x150.jpg\" alt=\"2016-10-14_20.57.27\" width=\"150\" height=\"150\"><\/a><a href=\"http:\/\/xn--vom-mensch-fr-tiere-hbc.de\/wp-content\/uploads\/2016\/09\/2016-10-14_20.58.13.jpg\"><img loading=\"lazy\" decoding=\"async\" class=\"wp-image-198 size-thumbnail alignleft\" src=\"http:\/\/xn--vom-mensch-fr-tiere-hbc.de\/wp-content\/uploads\/2016\/09\/2016-10-14_20.58.13-150x150.jpg\" alt=\"2016-10-14_20.58.13\" width=\"150\" height=\"150\"><\/a><a href=\"http:\/\/xn--vom-mensch-fr-tiere-hbc.de\/wp-content\/uploads\/2016\/09\/2016-10-14_21.49.29.jpg\"><img loading=\"lazy\" decoding=\"async\" class=\"wp-image-197 size-thumbnail alignleft\" src=\"http:\/\/xn--vom-mensch-fr-tiere-hbc.de\/wp-content\/uploads\/2016\/09\/2016-10-14_21.49.29-150x150.jpg\" alt=\"2016-10-14_21.49.29\" width=\"150\" height=\"150\"><\/a><span style=\"color: #0000ff;\"><a href=\"http:\/\/xn--vom-mensch-fr-tiere-hbc.de\/wp-content\/uploads\/2016\/09\/2017-02-06_21.34.15.jpg\"><img loading=\"lazy\" decoding=\"async\" class=\"wp-image-285 size-thumbnail alignleft\" src=\"http:\/\/xn--vom-mensch-fr-tiere-hbc.de\/wp-content\/uploads\/2016\/09\/2017-02-06_21.34.15-150x150.jpg\" alt=\"2017-02-06_21.34.15\" width=\"150\" height=\"150\"><\/a><a href=\"http:\/\/xn--vom-mensch-fr-tiere-hbc.de\/wp-content\/uploads\/2016\/09\/2017-02-12_17.54.19.jpg\"><img loading=\"lazy\" decoding=\"async\" class=\"wp-image-292 size-thumbnail alignleft\" src=\"http:\/\/xn--vom-mensch-fr-tiere-hbc.de\/wp-content\/uploads\/2016\/09\/2017-02-12_17.54.19-150x150.jpg\" alt=\"2017-02-12_17.54.19\" width=\"150\" height=\"150\"><\/a><a href=\"http:\/\/xn--vom-mensch-fr-tiere-hbc.de\/wp-content\/uploads\/2016\/09\/2017-02-12_17.52.14.jpg\"><img loading=\"lazy\" decoding=\"async\" class=\"alignleft wp-image-287 size-thumbnail\" src=\"http:\/\/xn--vom-mensch-fr-tiere-hbc.de\/wp-content\/uploads\/2016\/09\/2017-02-12_17.52.14-150x150.jpg\" alt=\"2017-02-12_17.52.14\" width=\"150\" height=\"150\"><\/a><a href=\"http:\/\/xn--vom-mensch-fr-tiere-hbc.de\/wp-content\/uploads\/2016\/09\/2017-02-12_17.58.04.jpg\"><img loading=\"lazy\" decoding=\"async\" class=\"wp-image-294 size-thumbnail alignleft\" src=\"http:\/\/xn--vom-mensch-fr-tiere-hbc.de\/wp-content\/uploads\/2016\/09\/2017-02-12_17.58.04-150x150.jpg\" alt=\"2017-02-12_17.58.04\" width=\"150\" height=\"150\"><\/a><a href=\"http:\/\/xn--vom-mensch-fr-tiere-hbc.de\/wp-content\/uploads\/2016\/09\/2017-02-12_18.12.46.jpg\"><img loading=\"lazy\" decoding=\"async\" class=\"wp-image-298 size-thumbnail alignleft\" src=\"http:\/\/xn--vom-mensch-fr-tiere-hbc.de\/wp-content\/uploads\/2016\/09\/2017-02-12_18.12.46-150x150.jpg\" alt=\"2017-02-12_18.12.46\" width=\"150\" height=\"150\"><\/a><a href=\"http:\/\/xn--vom-mensch-fr-tiere-hbc.de\/wp-content\/uploads\/2016\/09\/2017-02-12_18.04.14.jpg\"><img loading=\"lazy\" decoding=\"async\" class=\"wp-image-300 size-thumbnail alignleft\" src=\"http:\/\/xn--vom-mensch-fr-tiere-hbc.de\/wp-content\/uploads\/2016\/09\/2017-02-12_18.04.14-150x150.jpg\" alt=\"2017-02-12_18.04.14\" width=\"150\" height=\"150\"><\/a><a href=\"http:\/\/xn--vom-mensch-fr-tiere-hbc.de\/wp-content\/uploads\/2016\/09\/2017-02-12_18.15.42.jpg\"><img loading=\"lazy\" decoding=\"async\" class=\"wp-image-302 size-thumbnail alignleft\" src=\"http:\/\/xn--vom-mensch-fr-tiere-hbc.de\/wp-content\/uploads\/2016\/09\/2017-02-12_18.15.42-150x150.jpg\" alt=\"2017-02-12_18.15.42\" width=\"150\" height=\"150\"><\/a><\/span><a href=\"http:\/\/xn--vom-mensch-fr-tiere-hbc.de\/wp-content\/uploads\/2016\/09\/2016-10-14_20.56.24.jpg\"><img loading=\"lazy\" decoding=\"async\" class=\"wp-image-200 size-thumbnail alignleft\" src=\"http:\/\/xn--vom-mensch-fr-tiere-hbc.de\/wp-content\/uploads\/2016\/09\/2016-10-14_20.56.24-150x150.jpg\" alt=\"2016-10-14_20.56.24\" width=\"150\" height=\"150\"><\/a><a href=\"http:\/\/xn--vom-mensch-fr-tiere-hbc.de\/wp-content\/uploads\/2016\/09\/2016-10-14_20.55.40.jpg\"><img loading=\"lazy\" decoding=\"async\" class=\"alignleft wp-image-201 size-thumbnail\" src=\"http:\/\/xn--vom-mensch-fr-tiere-hbc.de\/wp-content\/uploads\/2016\/09\/2016-10-14_20.55.40-150x150.jpg\" alt=\"2016-10-14_20.55.40\" width=\"150\" height=\"150\"><\/a><a href=\"http:\/\/xn--vom-mensch-fr-tiere-hbc.de\/wp-content\/uploads\/2016\/09\/IMG_20160919_174638294.jpg\"><img loading=\"lazy\" decoding=\"async\" class=\"wp-image-194 size-thumbnail alignleft\" src=\"http:\/\/xn--vom-mensch-fr-tiere-hbc.de\/wp-content\/uploads\/2016\/09\/IMG_20160919_174638294-150x150.jpg\" alt=\"IMG_20160919_174638294\" width=\"150\" height=\"150\"><\/a><a href=\"http:\/\/xn--vom-mensch-fr-tiere-hbc.de\/wp-content\/uploads\/2016\/09\/2016-09-25_17.21.22.jpg\"><img loading=\"lazy\" decoding=\"async\" class=\"wp-image-189 size-thumbnail alignleft\" src=\"http:\/\/xn--vom-mensch-fr-tiere-hbc.de\/wp-content\/uploads\/2016\/09\/2016-09-25_17.21.22-150x150.jpg\" alt=\"2016-09-25_17.21.22\" width=\"150\" height=\"150\"><\/a><a href=\"http:\/\/xn--vom-mensch-fr-tiere-hbc.de\/wp-content\/uploads\/2016\/09\/2016-11-09_12-41-24-2.jpg\"><img loading=\"lazy\" decoding=\"async\" class=\"wp-image-230 size-thumbnail alignleft\" src=\"http:\/\/xn--vom-mensch-fr-tiere-hbc.de\/wp-content\/uploads\/2016\/09\/2016-11-09_12-41-24-2-150x150.jpg\" alt=\"2016-11-09_12 41 24 (2)\" width=\"150\" height=\"150\"><\/a><a href=\"http:\/\/xn--vom-mensch-fr-tiere-hbc.de\/wp-content\/uploads\/2016\/09\/2016-10-03_20.08.17.jpg\"><img loading=\"lazy\" decoding=\"async\" class=\"wp-image-180 size-thumbnail alignleft\" src=\"http:\/\/xn--vom-mensch-fr-tiere-hbc.de\/wp-content\/uploads\/2016\/09\/2016-10-03_20.08.17-150x150.jpg\" alt=\"2016-10-03_20.08.17\" width=\"150\" height=\"150\"><\/a><a href=\"http:\/\/xn--vom-mensch-fr-tiere-hbc.de\/wp-content\/uploads\/2016\/09\/IMG_20161025_113344488.jpg\"><img loading=\"lazy\" decoding=\"async\" class=\"wp-image-231 size-thumbnail alignleft\" src=\"http:\/\/xn--vom-mensch-fr-tiere-hbc.de\/wp-content\/uploads\/2016\/09\/IMG_20161025_113344488-150x150.jpg\" alt=\"IMG_20161025_113344488\" width=\"150\" height=\"150\"><\/a><a href=\"http:\/\/xn--vom-mensch-fr-tiere-hbc.de\/wp-content\/uploads\/2016\/09\/2016-10-25_11.22.07.jpg\"><img loading=\"lazy\" decoding=\"async\" class=\"wp-image-232 size-thumbnail alignleft\" src=\"http:\/\/xn--vom-mensch-fr-tiere-hbc.de\/wp-content\/uploads\/2016\/09\/2016-10-25_11.22.07-150x150.jpg\" alt=\"2016-10-25_11.22.07\" width=\"150\" height=\"150\"><\/a><a href=\"http:\/\/xn--vom-mensch-fr-tiere-hbc.de\/wp-content\/uploads\/2016\/09\/2016-09-12_23-04-45-2.jpg\"><img loading=\"lazy\" decoding=\"async\" class=\"wp-image-226 size-thumbnail alignleft\" src=\"http:\/\/xn--vom-mensch-fr-tiere-hbc.de\/wp-content\/uploads\/2016\/09\/2016-09-12_23-04-45-2-150x150.jpg\" alt=\"2016-09-12_23 04 45 (2)\" width=\"150\" height=\"150\"><\/a><a href=\"http:\/\/xn--vom-mensch-fr-tiere-hbc.de\/wp-content\/uploads\/2016\/09\/2016-09-12_18-28-12-2.jpg\"><img loading=\"lazy\" decoding=\"async\" class=\"  alignleft wp-image-225 size-thumbnail\" src=\"http:\/\/xn--vom-mensch-fr-tiere-hbc.de\/wp-content\/uploads\/2016\/09\/2016-09-12_18-28-12-2-150x150.jpg\" alt=\"2016-09-12_18 28 12 (2)\" width=\"150\" height=\"150\"><\/a><a href=\"http:\/\/xn--vom-mensch-fr-tiere-hbc.de\/wp-content\/uploads\/2016\/09\/2016-09-26_08.55.02.jpg\"><img loading=\"lazy\" decoding=\"async\" class=\"wp-image-191 size-thumbnail alignleft\" src=\"http:\/\/xn--vom-mensch-fr-tiere-hbc.de\/wp-content\/uploads\/2016\/09\/2016-09-26_08.55.02-150x150.jpg\" alt=\"2016-09-26_08.55.02\" width=\"150\" height=\"150\"><\/a><a href=\"http:\/\/xn--vom-mensch-fr-tiere-hbc.de\/wp-content\/uploads\/2016\/09\/IMG_20170112_2056426601.jpg\"><img loading=\"lazy\" decoding=\"async\" class=\"wp-image-270 size-thumbnail alignleft\" src=\"http:\/\/xn--vom-mensch-fr-tiere-hbc.de\/wp-content\/uploads\/2016\/09\/IMG_20170112_2056426601-150x150.jpg\" alt=\"IMG_20170112_205642660\" width=\"150\" height=\"150\"><\/a><img loading=\"lazy\" decoding=\"async\" class=\"wp-image-224 size-thumbnail alignleft\" src=\"http:\/\/xn--vom-mensch-fr-tiere-hbc.de\/wp-content\/uploads\/2016\/09\/2016-09-14_11-39-14-2-150x150.jpg\" alt=\"2016-09-14_11 39 14 (2)\" width=\"150\" height=\"150\"><span style=\"color: #0000ff;\"><a href=\"http:\/\/xn--vom-mensch-fr-tiere-hbc.de\/wp-content\/uploads\/2016\/09\/MG_1168.jpg\"><img loading=\"lazy\" decoding=\"async\" class=\"wp-image-241 size-thumbnail alignleft\" src=\"http:\/\/xn--vom-mensch-fr-tiere-hbc.de\/wp-content\/uploads\/2016\/09\/MG_1168-150x150.jpg\" alt=\"_MG_1168\" width=\"150\" height=\"150\"><\/a><\/span> <span style=\"color: #0000ff;\"><a href=\"http:\/\/xn--vom-mensch-fr-tiere-hbc.de\/wp-content\/uploads\/2016\/09\/2017-01-21_21.12.39.jpg\"><img loading=\"lazy\" decoding=\"async\" class=\"wp-image-268 size-thumbnail alignleft\" src=\"http:\/\/xn--vom-mensch-fr-tiere-hbc.de\/wp-content\/uploads\/2016\/09\/2017-01-21_21.12.39-150x150.jpg\" alt=\"2017-01-21_21.12.39\" width=\"150\" height=\"150\"><\/a><\/span><span style=\"color: #0000ff;\"><a href=\"http:\/\/xn--vom-mensch-fr-tiere-hbc.de\/wp-content\/uploads\/2016\/09\/2017-01-21_20.58.53.jpg\"><img loading=\"lazy\" decoding=\"async\" class=\"  alignleft wp-image-265 size-thumbnail\" src=\"http:\/\/xn--vom-mensch-fr-tiere-hbc.de\/wp-content\/uploads\/2016\/09\/2017-01-21_20.58.53-150x150.jpg\" alt=\"2017-01-21_20.58.53\" width=\"150\" height=\"150\" srcset=\"https:\/\/vom-mensch-fuer-tiere.de\/wp-content\/uploads\/2016\/09\/2017-01-21_20.58.53-150x150.jpg 150w, https:\/\/vom-mensch-fuer-tiere.de\/wp-content\/uploads\/2016\/09\/2017-01-21_20.58.53-300x300.jpg 300w, https:\/\/vom-mensch-fuer-tiere.de\/wp-content\/uploads\/2016\/09\/2017-01-21_20.58.53-1024x1024.jpg 1024w, https:\/\/vom-mensch-fuer-tiere.de\/wp-content\/uploads\/2016\/09\/2017-01-21_20.58.53-1170x1170.jpg 1170w, https:\/\/vom-mensch-fuer-tiere.de\/wp-content\/uploads\/2016\/09\/2017-01-21_20.58.53.jpg 1677w\" sizes=\"(max-width: 150px) 100vw, 150px\" \/><\/a><\/span><span style=\"color: #0000ff;\"><a href=\"http:\/\/xn--vom-mensch-fr-tiere-hbc.de\/wp-content\/uploads\/2016\/09\/2017-01-21_21.02.00.jpg\"><img loading=\"lazy\" decoding=\"async\" class=\"wp-image-266 size-thumbnail alignleft\" src=\"http:\/\/xn--vom-mensch-fr-tiere-hbc.de\/wp-content\/uploads\/2016\/09\/2017-01-21_21.02.00-150x150.jpg\" alt=\"2017-01-21_21.02.00\" width=\"150\" height=\"150\"><\/a><\/span><span style=\"color: #0000ff;\"><a href=\"http:\/\/xn--vom-mensch-fr-tiere-hbc.de\/wp-content\/uploads\/2016\/09\/2017-01-21_21.17.50.jpg\"><img loading=\"lazy\" decoding=\"async\" class=\"wp-image-269 size-thumbnail alignleft\" src=\"http:\/\/xn--vom-mensch-fr-tiere-hbc.de\/wp-content\/uploads\/2016\/09\/2017-01-21_21.17.50-150x150.jpg\" alt=\"2017-01-21_21.17.50\" width=\"150\" height=\"150\"><\/a><a href=\"http:\/\/xn--vom-mensch-fr-tiere-hbc.de\/wp-content\/uploads\/2016\/09\/2017-02-12_18.01.48.jpg\"><img loading=\"lazy\" decoding=\"async\" class=\"  alignleft wp-image-296 size-thumbnail\" src=\"http:\/\/xn--vom-mensch-fr-tiere-hbc.de\/wp-content\/uploads\/2016\/09\/2017-02-12_18.01.48-150x150.jpg\" alt=\"2017-02-12_18.01.48\" width=\"150\" height=\"150\"><\/a><\/span> <span style=\"color: #0000ff;\"><a href=\"http:\/\/xn--vom-mensch-fr-tiere-hbc.de\/wp-content\/uploads\/2016\/09\/2017-01-16_13.05.502.jpg\"><img loading=\"lazy\" decoding=\"async\" class=\"wp-image-264 size-thumbnail alignleft\" src=\"http:\/\/xn--vom-mensch-fr-tiere-hbc.de\/wp-content\/uploads\/2016\/09\/2017-01-16_13.05.502-150x150.jpg\" alt=\"2017-01-16_13.05.50\" width=\"150\" height=\"150\"><\/a><a href=\"http:\/\/xn--vom-mensch-fr-tiere-hbc.de\/?attachment_id=374\" rel=\"attachment wp-att-374\"><img loading=\"lazy\" decoding=\"async\" class=\"size-thumbnail wp-image-374 alignleft\" src=\"http:\/\/xn--vom-mensch-fr-tiere-hbc.de\/wp-content\/uploads\/2019\/05\/IMG_20170915_183411391_HDR-150x150.jpg\" alt=\"\" width=\"150\" height=\"150\"><\/a><a href=\"http:\/\/xn--vom-mensch-fr-tiere-hbc.de\/?attachment_id=372\" rel=\"attachment wp-att-372\"><img loading=\"lazy\" decoding=\"async\" class=\"size-thumbnail wp-image-372 alignleft\" src=\"http:\/\/xn--vom-mensch-fr-tiere-hbc.de\/wp-content\/uploads\/2019\/05\/2016-09-12_18.27.00-150x150.jpg\" alt=\"\" width=\"150\" height=\"150\" srcset=\"https:\/\/vom-mensch-fuer-tiere.de\/wp-content\/uploads\/2019\/05\/2016-09-12_18.27.00-150x150.jpg 150w, https:\/\/vom-mensch-fuer-tiere.de\/wp-content\/uploads\/2019\/05\/2016-09-12_18.27.00-300x300.jpg 300w, https:\/\/vom-mensch-fuer-tiere.de\/wp-content\/uploads\/2019\/05\/2016-09-12_18.27.00-768x770.jpg 768w, https:\/\/vom-mensch-fuer-tiere.de\/wp-content\/uploads\/2019\/05\/2016-09-12_18.27.00-1021x1024.jpg 1021w, https:\/\/vom-mensch-fuer-tiere.de\/wp-content\/uploads\/2019\/05\/2016-09-12_18.27.00-1170x1174.jpg 1170w, https:\/\/vom-mensch-fuer-tiere.de\/wp-content\/uploads\/2019\/05\/2016-09-12_18.27.00.jpg 1654w\" sizes=\"(max-width: 150px) 100vw, 150px\" \/><\/a> <a href=\"http:\/\/xn--vom-mensch-fr-tiere-hbc.de\/wp-content\/uploads\/2019\/05\/IMG_20170906_175746721_HDR-1.jpg\"><img loading=\"lazy\" decoding=\"async\" class=\"wp-image-377  alignleft\" src=\"http:\/\/xn--vom-mensch-fr-tiere-hbc.de\/wp-content\/uploads\/2019\/05\/IMG_20170906_175746721_HDR-1-150x150.jpg\" alt=\"\" width=\"166\" height=\"166\"><\/a><img loading=\"lazy\" decoding=\"async\" class=\" wp-image-539 alignleft\" src=\"http:\/\/xn--vom-mensch-fr-tiere-hbc.de\/wp-content\/uploads\/2019\/08\/20180519_131628-150x150.jpg\" alt=\"\" width=\"165\" height=\"165\"><\/span><\/p>\n\n\n<figure class=\"wp-block-gallery alignleft has-nested-images columns-default is-cropped wp-block-gallery-1 is-layout-flex wp-block-gallery-is-layout-flex\">\n<figure class=\"wp-block-image size-large\"><img loading=\"lazy\" decoding=\"async\" width=\"1024\" height=\"804\" data-id=\"579\" src=\"http:\/\/xn--vom-mensch-fr-tiere-hbc.de\/wp-content\/uploads\/2019\/08\/20171217_214459-1-1024x804.jpg\" alt=\"\" class=\"wp-image-579\" srcset=\"https:\/\/vom-mensch-fuer-tiere.de\/wp-content\/uploads\/2019\/08\/20171217_214459-1-1024x804.jpg 1024w, https:\/\/vom-mensch-fuer-tiere.de\/wp-content\/uploads\/2019\/08\/20171217_214459-1-300x236.jpg 300w, https:\/\/vom-mensch-fuer-tiere.de\/wp-content\/uploads\/2019\/08\/20171217_214459-1-768x603.jpg 768w, https:\/\/vom-mensch-fuer-tiere.de\/wp-content\/uploads\/2019\/08\/20171217_214459-1-1170x919.jpg 1170w\" sizes=\"(max-width: 1024px) 100vw, 1024px\" \/><\/figure>\n\n\n\n<figure class=\"wp-block-image size-large\"><img loading=\"lazy\" decoding=\"async\" width=\"1024\" height=\"882\" data-id=\"580\" src=\"http:\/\/xn--vom-mensch-fr-tiere-hbc.de\/wp-content\/uploads\/2019\/08\/20171217_214554-1-1024x882.jpg\" alt=\"\" class=\"wp-image-580\" srcset=\"https:\/\/vom-mensch-fuer-tiere.de\/wp-content\/uploads\/2019\/08\/20171217_214554-1-1024x882.jpg 1024w, https:\/\/vom-mensch-fuer-tiere.de\/wp-content\/uploads\/2019\/08\/20171217_214554-1-300x258.jpg 300w, https:\/\/vom-mensch-fuer-tiere.de\/wp-content\/uploads\/2019\/08\/20171217_214554-1-768x661.jpg 768w, https:\/\/vom-mensch-fuer-tiere.de\/wp-content\/uploads\/2019\/08\/20171217_214554-1-1170x1007.jpg 1170w\" sizes=\"(max-width: 1024px) 100vw, 1024px\" \/><\/figure>\n<\/figure>\n\n\n\n<figure class=\"wp-block-gallery alignleft has-nested-images columns-default is-cropped wp-block-gallery-2 is-layout-flex wp-block-gallery-is-layout-flex\">\n<figure class=\"wp-block-image size-large\"><img loading=\"lazy\" decoding=\"async\" width=\"1024\" height=\"576\" data-id=\"464\" src=\"http:\/\/vom-mensch-fuer-tiere.de\/wp-content\/uploads\/2019\/05\/DSC_0589-e1558113635112-1024x576.jpg\" alt=\"\" class=\"wp-image-464\" srcset=\"https:\/\/vom-mensch-fuer-tiere.de\/wp-content\/uploads\/2019\/05\/DSC_0589-e1558113635112-1024x576.jpg 1024w, https:\/\/vom-mensch-fuer-tiere.de\/wp-content\/uploads\/2019\/05\/DSC_0589-e1558113635112-300x169.jpg 300w, https:\/\/vom-mensch-fuer-tiere.de\/wp-content\/uploads\/2019\/05\/DSC_0589-e1558113635112-768x432.jpg 768w, https:\/\/vom-mensch-fuer-tiere.de\/wp-content\/uploads\/2019\/05\/DSC_0589-e1558113635112-1170x658.jpg 1170w\" sizes=\"(max-width: 1024px) 100vw, 1024px\" \/><\/figure>\n\n\n\n<figure class=\"wp-block-image size-large\"><img loading=\"lazy\" decoding=\"async\" width=\"1024\" height=\"576\" data-id=\"465\" src=\"http:\/\/vom-mensch-fuer-tiere.de\/wp-content\/uploads\/2019\/05\/DSC_0593-e1558113599267-1024x576.jpg\" alt=\"kissen\" class=\"wp-image-465\" srcset=\"https:\/\/vom-mensch-fuer-tiere.de\/wp-content\/uploads\/2019\/05\/DSC_0593-e1558113599267-1024x576.jpg 1024w, https:\/\/vom-mensch-fuer-tiere.de\/wp-content\/uploads\/2019\/05\/DSC_0593-e1558113599267-300x169.jpg 300w, https:\/\/vom-mensch-fuer-tiere.de\/wp-content\/uploads\/2019\/05\/DSC_0593-e1558113599267-768x432.jpg 768w, https:\/\/vom-mensch-fuer-tiere.de\/wp-content\/uploads\/2019\/05\/DSC_0593-e1558113599267-1170x658.jpg 1170w\" sizes=\"(max-width: 1024px) 100vw, 1024px\" \/><\/figure>\n<\/figure>\n\n\n\n<figure class=\"wp-block-gallery alignleft has-nested-images columns-3 is-cropped wp-block-gallery-3 is-layout-flex wp-block-gallery-is-layout-flex\">\n<figure class=\"wp-block-image size-large\"><img loading=\"lazy\" decoding=\"async\" width=\"1024\" height=\"768\" data-id=\"384\" src=\"http:\/\/xn--vom-mensch-fr-tiere-hbc.de\/wp-content\/uploads\/2019\/05\/DSC_0222-1024x768.jpg\" alt=\"\" class=\"wp-image-384\" srcset=\"https:\/\/vom-mensch-fuer-tiere.de\/wp-content\/uploads\/2019\/05\/DSC_0222-1024x768.jpg 1024w, https:\/\/vom-mensch-fuer-tiere.de\/wp-content\/uploads\/2019\/05\/DSC_0222-300x225.jpg 300w, https:\/\/vom-mensch-fuer-tiere.de\/wp-content\/uploads\/2019\/05\/DSC_0222-768x576.jpg 768w, https:\/\/vom-mensch-fuer-tiere.de\/wp-content\/uploads\/2019\/05\/DSC_0222-1170x878.jpg 1170w\" sizes=\"(max-width: 1024px) 100vw, 1024px\" \/><\/figure>\n\n\n\n<figure class=\"wp-block-image size-large\"><img loading=\"lazy\" decoding=\"async\" width=\"768\" height=\"1024\" data-id=\"392\" src=\"http:\/\/xn--vom-mensch-fr-tiere-hbc.de\/wp-content\/uploads\/2019\/05\/DSC_0434-e1558114474226-768x1024.jpg\" alt=\"\" class=\"wp-image-392\" srcset=\"https:\/\/vom-mensch-fuer-tiere.de\/wp-content\/uploads\/2019\/05\/DSC_0434-e1558114474226-768x1024.jpg 768w, https:\/\/vom-mensch-fuer-tiere.de\/wp-content\/uploads\/2019\/05\/DSC_0434-e1558114474226-225x300.jpg 225w, https:\/\/vom-mensch-fuer-tiere.de\/wp-content\/uploads\/2019\/05\/DSC_0434-e1558114474226-1170x1560.jpg 1170w\" sizes=\"(max-width: 768px) 100vw, 768px\" \/><\/figure>\n\n\n\n<figure class=\"wp-block-image size-large\"><img loading=\"lazy\" decoding=\"async\" width=\"768\" height=\"1024\" data-id=\"386\" src=\"http:\/\/xn--vom-mensch-fr-tiere-hbc.de\/wp-content\/uploads\/2019\/05\/DSC_0228-e1558114651827-768x1024.jpg\" alt=\"\" class=\"wp-image-386\" srcset=\"https:\/\/vom-mensch-fuer-tiere.de\/wp-content\/uploads\/2019\/05\/DSC_0228-e1558114651827-768x1024.jpg 768w, https:\/\/vom-mensch-fuer-tiere.de\/wp-content\/uploads\/2019\/05\/DSC_0228-e1558114651827-225x300.jpg 225w, https:\/\/vom-mensch-fuer-tiere.de\/wp-content\/uploads\/2019\/05\/DSC_0228-e1558114651827-1170x1560.jpg 1170w\" sizes=\"(max-width: 768px) 100vw, 768px\" \/><\/figure>\n<\/figure>\n\n\n\n<ul class=\"wp-block-list\"><li><\/li><\/ul>\n\n\n\n<figure class=\"wp-block-image\"><img decoding=\"async\" src=\"http:\/\/xn--vom-mensch-fr-tiere-hbc.de\/wp-content\/uploads\/2019\/05\/20190215_205500-COLLAGE.jpg\" alt=\"\"\/><\/figure>\n","protected":false},"excerpt":{"rendered":"<p>&nbsp; &nbsp; &nbsp; &nbsp; Herzlich willkommen auf meiner Seite ,,Stickerei f\u00fcr jeden Anlass.,, Stickereien&nbsp; f\u00fcr Geburtstage,Hochzeiten,Taufe,Ostern,Weihnachten und anderen Anl\u00e4ssen Neu im Sortiment sind bestickte&nbsp;Grillsch\u00fcrtzen Nat\u00fcrlich besticke ich auch LIEBEVOLL Handt\u00fccher,T-Shirts und andere Textilien. Gestickt wird mit einer Stickmaschine Brother VR. Ich verwende hochwertiges Maschinenstickgarn von Madera , Garant f\u00fcr sehr gute STICKERGEBNISSE<\/p>\n","protected":false},"author":1,"featured_media":199,"parent":0,"menu_order":0,"comment_status":"closed","ping_status":"closed","template":"","meta":{"footnotes":""},"class_list":["post-166","page","type-page","status-publish","has-post-thumbnail","hentry","post-preview"],"_links":{"self":[{"href":"https:\/\/vom-mensch-fuer-tiere.de\/index.php?rest_route=\/wp\/v2\/pages\/166"}],"collection":[{"href":"https:\/\/vom-mensch-fuer-tiere.de\/index.php?rest_route=\/wp\/v2\/pages"}],"about":[{"href":"https:\/\/vom-mensch-fuer-tiere.de\/index.php?rest_route=\/wp\/v2\/types\/page"}],"author":[{"embeddable":true,"href":"https:\/\/vom-mensch-fuer-tiere.de\/index.php?rest_route=\/wp\/v2\/users\/1"}],"replies":[{"embeddable":true,"href":"https:\/\/vom-mensch-fuer-tiere.de\/index.php?rest_route=%2Fwp%2Fv2%2Fcomments&post=166"}],"version-history":[{"count":90,"href":"https:\/\/vom-mensch-fuer-tiere.de\/index.php?rest_route=\/wp\/v2\/pages\/166\/revisions"}],"predecessor-version":[{"id":801,"href":"https:\/\/vom-mensch-fuer-tiere.de\/index.php?rest_route=\/wp\/v2\/pages\/166\/revisions\/801"}],"wp:featuredmedia":[{"embeddable":true,"href":"https:\/\/vom-mensch-fuer-tiere.de\/index.php?rest_route=\/wp\/v2\/media\/199"}],"wp:attachment":[{"href":"https:\/\/vom-mensch-fuer-tiere.de\/index.php?rest_route=%2Fwp%2Fv2%2Fmedia&parent=166"}],"curies":[{"name":"wp","href":"https:\/\/api.w.org\/{rel}","templated":true}]}}