{"id":43,"date":"2015-05-02T13:47:48","date_gmt":"2015-05-02T13:47:48","guid":{"rendered":"http:\/\/xn--vom-mensch-fr-tiere-hbc.de\/?page_id=43"},"modified":"2022-07-04T09:13:21","modified_gmt":"2022-07-04T09:13:21","slug":"produkte","status":"publish","type":"page","link":"https:\/\/vom-mensch-fuer-tiere.de\/?page_id=43","title":{"rendered":"Produkte"},"content":{"rendered":"<ul>\n<li>Die Decken und Kissen werden aus\u00a0 wiederverwertbare Materialien,zumeist Jeansstoff hergestellt. Zur Fertigung verwende ich eine Industrien\u00e4hmaschiene und eine\u00a0 Overlock. Professionelles Arbeiten wird garantiert.<\/li>\n<li style=\"text-align: left;\">\u00a0\u00a0\u00a0 Wir fertigen nach Ihren W\u00fcnschen die Decken bzw. Kissen an<\/li>\n<li>\u00a0\u00a0\u00a0 Die Decken sind mit Naturhanf gef\u00fcllt und in einem separaten Bezug. Diese sind mit einem Rei\u00dfverschlu\u00df versehen und\u00a0 k\u00f6nnen\u00a0 jederzeit zum Waschen ausgewechselt werden.<\/li>\n<li>\u00a0 Da mir das Wohl der Tiere am Herzen liegt, fertige ich verschiedene Muster\u00a0 und Gr\u00f6\u00dfen an. Jede Decke wird handgefertigt und ist ein Unikat.<\/li>\n<li>Made in Germany<\/li>\n<li><\/li>\n<li>neu aufgenommen im Programm: liebevoll mit Spr\u00fcchen bestickte Grillsch\u00fcrzen<\/li>\n<\/ul>\n","protected":false},"excerpt":{"rendered":"<p>Die Decken und Kissen werden aus\u00a0 wiederverwertbare Materialien,zumeist Jeansstoff hergestellt. Zur Fertigung verwende ich eine Industrien\u00e4hmaschiene und eine\u00a0 Overlock. Professionelles Arbeiten wird garantiert. \u00a0\u00a0\u00a0 Wir fertigen nach Ihren W\u00fcnschen die Decken bzw. Kissen an \u00a0\u00a0\u00a0 Die Decken sind mit Naturhanf gef\u00fcllt und in einem separaten Bezug. Diese sind mit einem Rei\u00dfverschlu\u00df versehen und\u00a0 k\u00f6nnen\u00a0 jederzeit [&hellip;]<\/p>\n","protected":false},"author":1,"featured_media":0,"parent":0,"menu_order":1,"comment_status":"open","ping_status":"open","template":"","meta":{"footnotes":""},"class_list":["post-43","page","type-page","status-publish","hentry","post-preview"],"_links":{"self":[{"href":"https:\/\/vom-mensch-fuer-tiere.de\/index.php?rest_route=\/wp\/v2\/pages\/43"}],"collection":[{"href":"https:\/\/vom-mensch-fuer-tiere.de\/index.php?rest_route=\/wp\/v2\/pages"}],"about":[{"href":"https:\/\/vom-mensch-fuer-tiere.de\/index.php?rest_route=\/wp\/v2\/types\/page"}],"author":[{"embeddable":true,"href":"https:\/\/vom-mensch-fuer-tiere.de\/index.php?rest_route=\/wp\/v2\/users\/1"}],"replies":[{"embeddable":true,"href":"https:\/\/vom-mensch-fuer-tiere.de\/index.php?rest_route=%2Fwp%2Fv2%2Fcomments&post=43"}],"version-history":[{"count":20,"href":"https:\/\/vom-mensch-fuer-tiere.de\/index.php?rest_route=\/wp\/v2\/pages\/43\/revisions"}],"predecessor-version":[{"id":796,"href":"https:\/\/vom-mensch-fuer-tiere.de\/index.php?rest_route=\/wp\/v2\/pages\/43\/revisions\/796"}],"wp:attachment":[{"href":"https:\/\/vom-mensch-fuer-tiere.de\/index.php?rest_route=%2Fwp%2Fv2%2Fmedia&parent=43"}],"curies":[{"name":"wp","href":"https:\/\/api.w.org\/{rel}","templated":true}]}}