{"id":8,"date":"2015-05-02T13:48:04","date_gmt":"2015-05-02T13:48:04","guid":{"rendered":"http:\/\/xn--vom-mensch-fr-tiere-hbc.de\/?page_id=8"},"modified":"2022-11-13T11:40:32","modified_gmt":"2022-11-13T11:40:32","slug":"kissen","status":"publish","type":"page","link":"https:\/\/vom-mensch-fuer-tiere.de\/?page_id=8","title":{"rendered":"Kissen"},"content":{"rendered":"<p style=\"text-align: left;\">\n<\/p><p>Ma\u00dfe f\u00fcr Kissen:<\/p>\n<p>20cmx30cm<\/p>\n<p>Die Motive sind w\u00e4hlbar<\/p>\n\n\n<figure class=\"wp-block-image\"><img decoding=\"async\" src=\"http:\/\/vom-mensch-fuer-tiere.de\/wp-content\/uploads\/2021\/07\/20210524_203030-COLLAGE-150x150.jpg\" alt=\"\"\/><\/figure>\n\n\n\n<figure class=\"wp-block-image\"><img decoding=\"async\" src=\"http:\/\/vom-mensch-fuer-tiere.de\/wp-content\/uploads\/2021\/07\/20210209_194725-COLLAGE-1-150x150.jpg\" alt=\"\"\/><\/figure>\n\n\n\n<div class=\"wp-block-media-text alignwide is-stacked-on-mobile\"><figure class=\"wp-block-media-text__media\"><img loading=\"lazy\" decoding=\"async\" width=\"1024\" height=\"1024\" src=\"http:\/\/vom-mensch-fuer-tiere.de\/wp-content\/uploads\/2022\/11\/20221112_235425-COLLAGE-1024x1024.jpg\" alt=\"\" class=\"wp-image-802 size-full\" srcset=\"https:\/\/vom-mensch-fuer-tiere.de\/wp-content\/uploads\/2022\/11\/20221112_235425-COLLAGE-1024x1024.jpg 1024w, https:\/\/vom-mensch-fuer-tiere.de\/wp-content\/uploads\/2022\/11\/20221112_235425-COLLAGE-300x300.jpg 300w, https:\/\/vom-mensch-fuer-tiere.de\/wp-content\/uploads\/2022\/11\/20221112_235425-COLLAGE-150x150.jpg 150w, https:\/\/vom-mensch-fuer-tiere.de\/wp-content\/uploads\/2022\/11\/20221112_235425-COLLAGE-768x768.jpg 768w, https:\/\/vom-mensch-fuer-tiere.de\/wp-content\/uploads\/2022\/11\/20221112_235425-COLLAGE-1536x1536.jpg 1536w, https:\/\/vom-mensch-fuer-tiere.de\/wp-content\/uploads\/2022\/11\/20221112_235425-COLLAGE-2048x2048.jpg 2048w, https:\/\/vom-mensch-fuer-tiere.de\/wp-content\/uploads\/2022\/11\/20221112_235425-COLLAGE-676x676.jpg 676w\" sizes=\"(max-width: 1024px) 100vw, 1024px\" \/><\/figure><div class=\"wp-block-media-text__content\">\n<p><\/p>\n<\/div><\/div>\n\n\n\n<figure class=\"wp-block-image size-large\"><a href=\"http:\/\/vom-mensch-fuer-tiere.de\/wp-content\/uploads\/2022\/11\/20221113_004100-COLLAGE-scaled.jpg\"><img loading=\"lazy\" decoding=\"async\" width=\"576\" height=\"1024\" src=\"http:\/\/vom-mensch-fuer-tiere.de\/wp-content\/uploads\/2022\/11\/20221113_004100-COLLAGE-576x1024.jpg\" alt=\"\" class=\"wp-image-805\" srcset=\"https:\/\/vom-mensch-fuer-tiere.de\/wp-content\/uploads\/2022\/11\/20221113_004100-COLLAGE-576x1024.jpg 576w, https:\/\/vom-mensch-fuer-tiere.de\/wp-content\/uploads\/2022\/11\/20221113_004100-COLLAGE-169x300.jpg 169w, https:\/\/vom-mensch-fuer-tiere.de\/wp-content\/uploads\/2022\/11\/20221113_004100-COLLAGE-768x1365.jpg 768w, https:\/\/vom-mensch-fuer-tiere.de\/wp-content\/uploads\/2022\/11\/20221113_004100-COLLAGE-864x1536.jpg 864w, https:\/\/vom-mensch-fuer-tiere.de\/wp-content\/uploads\/2022\/11\/20221113_004100-COLLAGE-1152x2048.jpg 1152w, https:\/\/vom-mensch-fuer-tiere.de\/wp-content\/uploads\/2022\/11\/20221113_004100-COLLAGE-676x1202.jpg 676w, https:\/\/vom-mensch-fuer-tiere.de\/wp-content\/uploads\/2022\/11\/20221113_004100-COLLAGE-scaled.jpg 1440w\" sizes=\"(max-width: 576px) 100vw, 576px\" \/><\/a><\/figure>\n","protected":false},"excerpt":{"rendered":"<p>Ma\u00dfe f\u00fcr Kissen: 20cmx30cm Die Motive sind w\u00e4hlbar<\/p>\n","protected":false},"author":1,"featured_media":720,"parent":43,"menu_order":1,"comment_status":"open","ping_status":"closed","template":"","meta":{"footnotes":""},"class_list":["post-8","page","type-page","status-publish","has-post-thumbnail","hentry","post-preview"],"_links":{"self":[{"href":"https:\/\/vom-mensch-fuer-tiere.de\/index.php?rest_route=\/wp\/v2\/pages\/8"}],"collection":[{"href":"https:\/\/vom-mensch-fuer-tiere.de\/index.php?rest_route=\/wp\/v2\/pages"}],"about":[{"href":"https:\/\/vom-mensch-fuer-tiere.de\/index.php?rest_route=\/wp\/v2\/types\/page"}],"author":[{"embeddable":true,"href":"https:\/\/vom-mensch-fuer-tiere.de\/index.php?rest_route=\/wp\/v2\/users\/1"}],"replies":[{"embeddable":true,"href":"https:\/\/vom-mensch-fuer-tiere.de\/index.php?rest_route=%2Fwp%2Fv2%2Fcomments&post=8"}],"version-history":[{"count":15,"href":"https:\/\/vom-mensch-fuer-tiere.de\/index.php?rest_route=\/wp\/v2\/pages\/8\/revisions"}],"predecessor-version":[{"id":806,"href":"https:\/\/vom-mensch-fuer-tiere.de\/index.php?rest_route=\/wp\/v2\/pages\/8\/revisions\/806"}],"up":[{"embeddable":true,"href":"https:\/\/vom-mensch-fuer-tiere.de\/index.php?rest_route=\/wp\/v2\/pages\/43"}],"wp:featuredmedia":[{"embeddable":true,"href":"https:\/\/vom-mensch-fuer-tiere.de\/index.php?rest_route=\/wp\/v2\/media\/720"}],"wp:attachment":[{"href":"https:\/\/vom-mensch-fuer-tiere.de\/index.php?rest_route=%2Fwp%2Fv2%2Fmedia&parent=8"}],"curies":[{"name":"wp","href":"https:\/\/api.w.org\/{rel}","templated":true}]}}